{"id":10592,"date":"2019-07-29T12:10:43","date_gmt":"2019-07-29T12:10:43","guid":{"rendered":"https:\/\/jobtrainer-blog.de\/?page_id=10592"},"modified":"2022-04-04T10:11:11","modified_gmt":"2022-04-04T10:11:11","slug":"projekte","status":"publish","type":"page","link":"https:\/\/jobtrainer-blog.de\/?page_id=10592","title":{"rendered":"Meine Projekte"},"content":{"rendered":"<div class='avia-image-container  av-styling-    avia-builder-el-0  el_before_av_heading  avia-builder-el-first  avia-align-center '  itemprop=\"ImageObject\" itemscope=\"itemscope\" itemtype=\"https:\/\/schema.org\/ImageObject\"  ><div class='avia-image-container-inner'><div class='avia-image-overlay-wrap'><img class='avia_image' src='https:\/\/jobtrainer-blog.de\/wp-content\/uploads\/2018\/03\/Seminar-e1602236831841.jpg' alt='Seminargruppe' title='Seminar' height=\"310\" width=\"640\"  itemprop=\"thumbnailUrl\"  \/><\/div><\/div><\/div>\n<div style='padding-bottom:10px; ' class='av-special-heading av-special-heading-h3    avia-builder-el-1  el_after_av_image  el_before_av_one_full   '><h3 class='av-special-heading-tag '  itemprop=\"headline\"  >Meine Projekte: Beispiele meiner Trainings<\/h3><div class='special-heading-border'><div class='special-heading-inner-border' ><\/div><\/div><\/div>\n<div class=\"flex_column av_one_full  flex_column_div av-zero-column-padding first  avia-builder-el-2  el_after_av_heading  avia-builder-el-last  \" style='border-radius:0px; '><section class=\"av_textblock_section \"  itemscope=\"itemscope\" itemtype=\"https:\/\/schema.org\/CreativeWork\" ><div class='avia_textblock  '  style='font-size:17px; '  itemprop=\"text\" ><ul>\n<li>Seminar &#8222;Entdecke das Plus&#8220; f\u00fcr Langzeitarbeitslose 50Plus, Verein aussichtsreich e.V., Berlin<\/li>\n<li>Training von U25-Teilnehmergruppen des GWA-Gro\u00dfprojekts der Jugendhilfe Essen in den Bereichen Berufsorientierung und Arbeitsmarktorientierung<\/li>\n<li>Durchf\u00fchrung von Profilings und Trainings f\u00fcr Arbeitsagenturen und Jobcenter in Wesel, Kamp-Lintfort, Duisburg, Essen, Recklinghausen, Dortmund, Hamm, L\u00fcnen, Bergkamen<\/li>\n<li>Durchf\u00fchrung von Gro\u00dfgruppen-Trainings Berufsorientierung f\u00fcr die Arbeitsagentur Castrop-Rauxel und die Vestische Arbeit<\/li>\n<li>Durchf\u00fchrung von Assessment-Centern f\u00fcr die T\u00dcV-Akademie Westfalen, Unna<\/li>\n<li>Bewerberseminare f\u00fcr Teilnehmende verschiedener Berufsgruppen, z. B. Sicherheitsfachkr\u00e4fte, Multimedia-Designer, Lager-Fachkr\u00e4fte, Industriemechaniker, Fachinformatiker, Kaufleute f\u00fcr Versicherung und Finanzen, Kaufleute f\u00fcr B\u00fcromanagement<\/li>\n<li>Internet-Seminare (Jobrecherche) f\u00fcr verschiedene Tr\u00e4ger im Ruhrgebiet<\/li>\n<li>Berufsberatung und Berufswegberatung f\u00fcr Jugendliche und junge Erwachsene f\u00fcr verschiedene Tr\u00e4ger<\/li>\n<li>Praktikumsakquise f\u00fcr verschiedene Bildungstr\u00e4ger im Ruhrgebiet<\/li>\n<li>Jobakquise f\u00fcr verschiedene Arbeitsmarktprojekte im Bundesgebiet<\/li>\n<li>Schulung von Jobcoaches und Dozenten\/Dozentinnen in Arbeitsmarktprojekten f\u00fcr verschiedene Bildungstr\u00e4ger im\u00a0 Bundesgebiet<\/li>\n<li>Entwicklung eines Online-Trainings f\u00fcr Jobcoaches &#8222;Profiling, Vermittlung und Motivation in Arbeitsmarktprojekten&#8220;<\/li>\n<li>Beratung von Jobcoaches und Dozenten\/Dozentinnen in Arbeitsmarktprojekten<\/li>\n<\/ul>\n<\/div><\/section><\/div>\n","protected":false},"excerpt":{"rendered":"","protected":false},"author":2,"featured_media":7763,"parent":0,"menu_order":0,"comment_status":"closed","ping_status":"closed","template":"","meta":[],"aioseo_notices":[],"_links":{"self":[{"href":"https:\/\/jobtrainer-blog.de\/index.php?rest_route=\/wp\/v2\/pages\/10592"}],"collection":[{"href":"https:\/\/jobtrainer-blog.de\/index.php?rest_route=\/wp\/v2\/pages"}],"about":[{"href":"https:\/\/jobtrainer-blog.de\/index.php?rest_route=\/wp\/v2\/types\/page"}],"author":[{"embeddable":true,"href":"https:\/\/jobtrainer-blog.de\/index.php?rest_route=\/wp\/v2\/users\/2"}],"replies":[{"embeddable":true,"href":"https:\/\/jobtrainer-blog.de\/index.php?rest_route=%2Fwp%2Fv2%2Fcomments&post=10592"}],"version-history":[{"count":1,"href":"https:\/\/jobtrainer-blog.de\/index.php?rest_route=\/wp\/v2\/pages\/10592\/revisions"}],"predecessor-version":[{"id":14962,"href":"https:\/\/jobtrainer-blog.de\/index.php?rest_route=\/wp\/v2\/pages\/10592\/revisions\/14962"}],"wp:featuredmedia":[{"embeddable":true,"href":"https:\/\/jobtrainer-blog.de\/index.php?rest_route=\/wp\/v2\/media\/7763"}],"wp:attachment":[{"href":"https:\/\/jobtrainer-blog.de\/index.php?rest_route=%2Fwp%2Fv2%2Fmedia&parent=10592"}],"curies":[{"name":"wp","href":"https:\/\/api.w.org\/{rel}","templated":true}]}}